{"id":1099,"date":"2019-04-09T14:19:47","date_gmt":"2019-04-09T17:19:47","guid":{"rendered":"https:\/\/ies9026-mza.infd.edu.ar\/sitio\/?page_id=1099"},"modified":"2020-02-25T13:19:04","modified_gmt":"2020-02-25T16:19:04","slug":"1-inscripcion-y-aranceles","status":"publish","type":"page","link":"https:\/\/ies9026-infd.mendoza.edu.ar\/sitio\/1-inscripcion-y-aranceles\/","title":{"rendered":"POST\u00cdTULO: DISCAPACIDAD E INCLUSI\u00d3N: Inscripci\u00f3n y aranceles"},"content":{"rendered":"<h1 style=\"text-align: center;\"><strong>Inscripci\u00f3n y Aranceles<\/strong><\/h1>\n<p><strong>INSCRIPCI\u00d3N Y ARANCELES:<\/strong><\/p>\n<p>A los interesados se les solicita dirigirse en forma personal al Departamento de Alumnos en horarios de 18:00 a 21.00 de Lunes a Viernes para inscripciones y pagos (Contribuci\u00f3n Cooperadora \u00abDe la Patria Grande\u00bb).<\/p>\n<p><u>Inscripci\u00f3n<\/u>: Entregar en el Departamento de Alumnos del IES 9-026 \u201cDe la Patria grande\u201d:<\/p>\n<ul>\n<li>2 copias impresas del\u00a0<a href=\"https:\/\/forms.gle\/BqxSt2UG8nj14wDx5\" target=\"_blank\" rel=\"noopener\">Formulario de inscripci\u00f3n<\/a>\u00a0completo con los datos personales.<\/li>\n<li>Breve Curriculum Vitae con fotocopia del\/los t\u00edtulos debidamente autenticados.<\/li>\n<li>DNI y fotocopia del DNI<\/li>\n<li>foto tipo carnet 4&#215;4<\/li>\n<\/ul>\n<p>IES N\u00b0 9-026 \u201cDe La Patria Grande\u201d<\/p>\n<p>Almirante Brown 2600. Las Heras.<\/p>\n<p><strong>Correo:<\/strong>\u00a0<a href=\"postitulosies9026@gmail.com\">postitulosies9026@gmail.com<\/a><\/p>\n","protected":false},"excerpt":{"rendered":"<p>Inscripci\u00f3n y Aranceles INSCRIPCI\u00d3N Y ARANCELES: A los interesados se les solicita dirigirse en forma personal al Departamento de Alumnos en horarios de 18:00 a 21.00 de Lunes a Viernes para inscripciones y pagos (Contribuci\u00f3n Cooperadora \u00abDe la Patria Grande\u00bb). Inscripci\u00f3n: Entregar en el Departamento de Alumnos del IES 9-026 \u201cDe la Patria grande\u201d: 2 &#8230; <a title=\"POST\u00cdTULO: DISCAPACIDAD E INCLUSI\u00d3N: Inscripci\u00f3n y aranceles\" class=\"read-more\" href=\"https:\/\/ies9026-infd.mendoza.edu.ar\/sitio\/1-inscripcion-y-aranceles\/\" aria-label=\"More on POST\u00cdTULO: DISCAPACIDAD E INCLUSI\u00d3N: Inscripci\u00f3n y aranceles\">[+]<\/a><\/p>\n","protected":false},"author":953,"featured_media":0,"parent":0,"menu_order":0,"comment_status":"closed","ping_status":"closed","template":"","meta":[],"acf":[],"_links":{"self":[{"href":"https:\/\/ies9026-infd.mendoza.edu.ar\/sitio\/wp-json\/wp\/v2\/pages\/1099"}],"collection":[{"href":"https:\/\/ies9026-infd.mendoza.edu.ar\/sitio\/wp-json\/wp\/v2\/pages"}],"about":[{"href":"https:\/\/ies9026-infd.mendoza.edu.ar\/sitio\/wp-json\/wp\/v2\/types\/page"}],"author":[{"embeddable":true,"href":"https:\/\/ies9026-infd.mendoza.edu.ar\/sitio\/wp-json\/wp\/v2\/users\/953"}],"replies":[{"embeddable":true,"href":"https:\/\/ies9026-infd.mendoza.edu.ar\/sitio\/wp-json\/wp\/v2\/comments?post=1099"}],"version-history":[{"count":17,"href":"https:\/\/ies9026-infd.mendoza.edu.ar\/sitio\/wp-json\/wp\/v2\/pages\/1099\/revisions"}],"predecessor-version":[{"id":1431,"href":"https:\/\/ies9026-infd.mendoza.edu.ar\/sitio\/wp-json\/wp\/v2\/pages\/1099\/revisions\/1431"}],"wp:attachment":[{"href":"https:\/\/ies9026-infd.mendoza.edu.ar\/sitio\/wp-json\/wp\/v2\/media?parent=1099"}],"curies":[{"name":"wp","href":"https:\/\/api.w.org\/{rel}","templated":true}]}}