{"id":1138,"date":"2019-04-10T19:17:35","date_gmt":"2019-04-10T22:17:35","guid":{"rendered":"https:\/\/ies9026-mza.infd.edu.ar\/sitio\/?page_id=1138"},"modified":"2025-03-18T13:14:39","modified_gmt":"2025-03-18T16:14:39","slug":"especializacion-en-docencia-para-profesionales-y-tecnicos-superiores","status":"publish","type":"page","link":"https:\/\/ies9026-infd.mendoza.edu.ar\/sitio\/especializacion-en-docencia-para-profesionales-y-tecnicos-superiores\/","title":{"rendered":"Especializaci\u00f3n en docencia para profesionales y t\u00e9cnicos superiores"},"content":{"rendered":"<h1><img decoding=\"async\" loading=\"lazy\" class=\"alignnone size-medium wp-image-3469\" src=\"https:\/\/ies9026-infd.mendoza.edu.ar\/sitio\/wp-content\/uploads\/2023\/11\/2-min-1000x279.png\" alt=\"\" width=\"1000\" height=\"279\" srcset=\"https:\/\/ies9026-infd.mendoza.edu.ar\/sitio\/wp-content\/uploads\/2023\/11\/2-min-1000x279.png 1000w, https:\/\/ies9026-infd.mendoza.edu.ar\/sitio\/wp-content\/uploads\/2023\/11\/2-min-1900x531.png 1900w, https:\/\/ies9026-infd.mendoza.edu.ar\/sitio\/wp-content\/uploads\/2023\/11\/2-min-768x215.png 768w, https:\/\/ies9026-infd.mendoza.edu.ar\/sitio\/wp-content\/uploads\/2023\/11\/2-min-1536x429.png 1536w, https:\/\/ies9026-infd.mendoza.edu.ar\/sitio\/wp-content\/uploads\/2023\/11\/2-min-2048x572.png 2048w\" sizes=\"(max-width: 1000px) 100vw, 1000px\" \/><\/h1>\n<h1 style=\"text-align: center;\"><strong>\u201cESPECIALIZACI\u00d3N DOCENTE<\/strong><\/h1>\n<h1 style=\"text-align: center;\"><strong>\u00a0de Nivel Superior en <\/strong><\/h1>\n<h1 style=\"text-align: center;\"><strong>Docencia Para Profesionales y T\u00e9cnicos Superiores\u201d <\/strong><\/h1>\n<h1><span style=\"color: #333399;\"><strong>T\u00edtulo que otorga:<\/strong> <\/span><\/h1>\n<h3>\u201cEspecializaci\u00f3n Docente de Nivel Superior en Docencia Para Profesionales y T\u00e9cnicos Superiores\u00bb<br \/>Especializaci\u00f3n aprobada por DGE, resoluci\u00f3n Res. 6958-2023<\/h3>\n<ul>\n<li><strong>Cupo M\u00e1ximo de Inscriptos:<\/strong> 80<\/li>\n<li><strong>Cupo M\u00ednimo:<\/strong> 35<\/li>\n<\/ul>\n<h2><span style=\"color: #333399;\"><strong>Duraci\u00f3n:<\/strong><\/span> <strong>2 a\u00f1os<\/strong><\/h2>\n<p><span style=\"color: #333399;\"><strong>Requisitos:<\/strong><\/span><\/p>\n<ul>\n<li>Profesionales Universitarios de 4 a\u00f1os o m\u00e1s.<\/li>\n<li>T\u00e9cnicos Superiores (universitarios o no universitarios) de 2 a\u00f1os o m\u00e1s.<\/li>\n<li>En ambos casos con incumbencias para desempe\u00f1arse en la docencia.<\/li>\n<\/ul>\n<h3><img decoding=\"async\" loading=\"lazy\" class=\"alignnone size-medium wp-image-3875\" src=\"https:\/\/ies9026-infd.mendoza.edu.ar\/sitio\/wp-content\/uploads\/2024\/11\/WhatsApp-Image-2024-11-08-at-09.42.28-720x1000.jpeg\" alt=\"\" width=\"720\" height=\"1000\" srcset=\"https:\/\/ies9026-infd.mendoza.edu.ar\/sitio\/wp-content\/uploads\/2024\/11\/WhatsApp-Image-2024-11-08-at-09.42.28-720x1000.jpeg 720w, https:\/\/ies9026-infd.mendoza.edu.ar\/sitio\/wp-content\/uploads\/2024\/11\/WhatsApp-Image-2024-11-08-at-09.42.28-768x1067.jpeg 768w, https:\/\/ies9026-infd.mendoza.edu.ar\/sitio\/wp-content\/uploads\/2024\/11\/WhatsApp-Image-2024-11-08-at-09.42.28.jpeg 921w\" sizes=\"(max-width: 720px) 100vw, 720px\" \/><\/h3>\n<h1><strong><span style=\"color: #333399;\">PRE-INSCRIPCI\u00d3N:<\/span>\u00a0<\/strong>pasos a seguir:<\/h1>\n<ol>\n<li>ENVIAR DOCUMENTACI\u00d3N VIRTUAL.<\/li>\n<li>RECIBIR MAIL DE CONFIRMACI\u00d3N DE DOCUMENTACI\u00d3N Y PRE-INSCRIPCI\u00d3N VIRTUAL AL POST\u00cdTULO en IES 9-026.<\/li>\n<li>PAGAR Y REGISTRAR EL COMPROBANTE.<\/li>\n<li>RECIBIR UN MAIL DE CONFIRMACI\u00d3N DE PAGO DE PRE-INSCRIPCI\u00d3N AL POST\u00cdTULO en IES 9-026.<\/li>\n<li>PRESENTAR LA DOCUMENTACI\u00d3N F\u00cdSICA EN EL IES.<\/li>\n<\/ol>\n<p>\u00bb Se har\u00e1 reserva de lugar a quienes completen todos los pasos mencionados anteriormente en tiempo y forma\u00bb<\/p>\n<p><a href=\"https:\/\/forms.gle\/d9nfoCwnDNePSL778\" target=\"_blank\" rel=\"noopener\"><img decoding=\"async\" loading=\"lazy\" class=\"wp-image-3549 aligncenter\" src=\"https:\/\/ies9026-infd.mendoza.edu.ar\/sitio\/wp-content\/uploads\/2023\/11\/LINK-1000x250.png\" alt=\"\" width=\"480\" height=\"120\" srcset=\"https:\/\/ies9026-infd.mendoza.edu.ar\/sitio\/wp-content\/uploads\/2023\/11\/LINK-1000x250.png 1000w, https:\/\/ies9026-infd.mendoza.edu.ar\/sitio\/wp-content\/uploads\/2023\/11\/LINK-768x192.png 768w, https:\/\/ies9026-infd.mendoza.edu.ar\/sitio\/wp-content\/uploads\/2023\/11\/LINK-1536x384.png 1536w, https:\/\/ies9026-infd.mendoza.edu.ar\/sitio\/wp-content\/uploads\/2023\/11\/LINK.png 1584w\" sizes=\"(max-width: 480px) 100vw, 480px\" \/><\/a><\/p>\n<h1><strong>DISTRIBUCI\u00d3N CURRICULAR<\/strong><\/h1>\n<p><strong>PRIMER A\u00d1O<\/strong><\/p>\n<ul>\n<li>Sistema e instituciones Educativas<\/li>\n<li>Educaci\u00f3n y Nuevas tecnolog\u00edas<\/li>\n<li>Sujeto de aprendizaje y Pedagog\u00eda<\/li>\n<li>La did\u00e1ctica en los procesos de ense\u00f1anza y aprendizaje<\/li>\n<li>Competencias Comunicacionales<\/li>\n<\/ul>\n<p><strong>SEGUNDO A\u00d1O<\/strong><\/p>\n<ul>\n<li>Reflexiones en torno al Rol Docente<\/li>\n<li>Planificaci\u00f3n y evaluaci\u00f3n<\/li>\n<li>Actualizaci\u00f3n y problem\u00e1ticas emergentes<\/li>\n<li>Historia de la Pol\u00edtica y Legislaci\u00f3n Educativa Argentina<\/li>\n<li>Pr\u00e1ctica Educativa II \u2013 Residencia<\/li>\n<\/ul>\n<h1><a href=\"https:\/\/ies9026-infd.mendoza.edu.ar\/sitio\/wp-content\/uploads\/2023\/11\/RESOL-2023-6958-GDEMZA-DGE_-_Especializacion_Docente_de_Nivel_Superior_en_Docencia_Para_Profesionales_y_Tecnicos_Superiores_-_IES_9-026.pdf\">RESOL-2023-6958-GDEMZA-DGE<\/a><\/h1>\n","protected":false},"excerpt":{"rendered":"<p>\u201cESPECIALIZACI\u00d3N DOCENTE \u00a0de Nivel Superior en Docencia Para Profesionales y T\u00e9cnicos Superiores\u201d T\u00edtulo que otorga: \u201cEspecializaci\u00f3n Docente de Nivel Superior en Docencia Para Profesionales y T\u00e9cnicos Superiores\u00bbEspecializaci\u00f3n aprobada por DGE, resoluci\u00f3n Res. 6958-2023 Cupo M\u00e1ximo de Inscriptos: 80 Cupo M\u00ednimo: 35 Duraci\u00f3n: 2 a\u00f1os Requisitos: Profesionales Universitarios de 4 a\u00f1os o m\u00e1s. T\u00e9cnicos Superiores (universitarios &#8230; <a title=\"Especializaci\u00f3n en docencia para profesionales y t\u00e9cnicos superiores\" class=\"read-more\" href=\"https:\/\/ies9026-infd.mendoza.edu.ar\/sitio\/especializacion-en-docencia-para-profesionales-y-tecnicos-superiores\/\" aria-label=\"More on Especializaci\u00f3n en docencia para profesionales y t\u00e9cnicos superiores\">[+]<\/a><\/p>\n","protected":false},"author":76,"featured_media":0,"parent":0,"menu_order":0,"comment_status":"closed","ping_status":"closed","template":"","meta":[],"acf":[],"_links":{"self":[{"href":"https:\/\/ies9026-infd.mendoza.edu.ar\/sitio\/wp-json\/wp\/v2\/pages\/1138"}],"collection":[{"href":"https:\/\/ies9026-infd.mendoza.edu.ar\/sitio\/wp-json\/wp\/v2\/pages"}],"about":[{"href":"https:\/\/ies9026-infd.mendoza.edu.ar\/sitio\/wp-json\/wp\/v2\/types\/page"}],"author":[{"embeddable":true,"href":"https:\/\/ies9026-infd.mendoza.edu.ar\/sitio\/wp-json\/wp\/v2\/users\/76"}],"replies":[{"embeddable":true,"href":"https:\/\/ies9026-infd.mendoza.edu.ar\/sitio\/wp-json\/wp\/v2\/comments?post=1138"}],"version-history":[{"count":61,"href":"https:\/\/ies9026-infd.mendoza.edu.ar\/sitio\/wp-json\/wp\/v2\/pages\/1138\/revisions"}],"predecessor-version":[{"id":3914,"href":"https:\/\/ies9026-infd.mendoza.edu.ar\/sitio\/wp-json\/wp\/v2\/pages\/1138\/revisions\/3914"}],"wp:attachment":[{"href":"https:\/\/ies9026-infd.mendoza.edu.ar\/sitio\/wp-json\/wp\/v2\/media?parent=1138"}],"curies":[{"name":"wp","href":"https:\/\/api.w.org\/{rel}","templated":true}]}}