{"id":1624,"date":"2020-12-16T10:28:36","date_gmt":"2020-12-16T13:28:36","guid":{"rendered":"https:\/\/ies9026-infd.mendoza.edu.ar\/sitio\/?page_id=1624"},"modified":"2021-09-06T13:16:14","modified_gmt":"2021-09-06T16:16:14","slug":"inscripciones-tecnicatura-en-laboratorio-de-analisis-clinicos","status":"publish","type":"page","link":"https:\/\/ies9026-infd.mendoza.edu.ar\/sitio\/inscripciones-tecnicatura-en-laboratorio-de-analisis-clinicos\/","title":{"rendered":"Inscripciones Tecnicatura En Laboratorio de An\u00e1lisis Cl\u00ednicos"},"content":{"rendered":"<h2 style=\"text-align: center;\">\u00bfConoces cu\u00e1les son correlatividades de tu carrera ?<\/h2>\n<h4 style=\"text-align: center;\"><a href=\"https:\/\/ies9026-infd.mendoza.edu.ar\/sitio\/wp-content\/uploads\/2021\/05\/Correlatividades-Laboratorio-1.pdf\">Hace clik Aqu\u00ed para\u00a0 ver las correlatividades<\/a><\/h4>\n<h2>\u00a0<\/h2>\n<h2>Seleccion\u00e1 la materia para inscribirte.<br \/>Record\u00e1 que vas a llenar un formulario por cada materia a la que te inscribas.<\/h2>\n<h4>1\u00b0 A\u00f1o:<\/h4>\n<ul>\n<li><a href=\"https:\/\/forms.gle\/wE17QxGSqCDMVPmd8\">F\u00edsica biol\u00f3gica<\/a><\/li>\n<li><a href=\"https:\/\/forms.gle\/S8BbbWtxVgNuJ1Yi7\">Morfofisiolog\u00eda din\u00e1mica<\/a><\/li>\n<li><a href=\"https:\/\/forms.gle\/DxrrWCJpwpqw2595A\">Problem\u00e1tica sociocultural y del trabajo<\/a><\/li>\n<\/ul>\n<p>\u00a0<\/p>\n\n\n<p><\/p>\n","protected":false},"excerpt":{"rendered":"<p>\u00bfConoces cu\u00e1les son correlatividades de tu carrera ? Hace clik Aqu\u00ed para\u00a0 ver las correlatividades \u00a0 Seleccion\u00e1 la materia para inscribirte.Record\u00e1 que vas a llenar un formulario por cada materia a la que te inscribas. 1\u00b0 A\u00f1o: F\u00edsica biol\u00f3gica Morfofisiolog\u00eda din\u00e1mica Problem\u00e1tica sociocultural y del trabajo \u00a0<\/p>\n","protected":false},"author":524,"featured_media":0,"parent":0,"menu_order":0,"comment_status":"closed","ping_status":"closed","template":"","meta":[],"acf":[],"_links":{"self":[{"href":"https:\/\/ies9026-infd.mendoza.edu.ar\/sitio\/wp-json\/wp\/v2\/pages\/1624"}],"collection":[{"href":"https:\/\/ies9026-infd.mendoza.edu.ar\/sitio\/wp-json\/wp\/v2\/pages"}],"about":[{"href":"https:\/\/ies9026-infd.mendoza.edu.ar\/sitio\/wp-json\/wp\/v2\/types\/page"}],"author":[{"embeddable":true,"href":"https:\/\/ies9026-infd.mendoza.edu.ar\/sitio\/wp-json\/wp\/v2\/users\/524"}],"replies":[{"embeddable":true,"href":"https:\/\/ies9026-infd.mendoza.edu.ar\/sitio\/wp-json\/wp\/v2\/comments?post=1624"}],"version-history":[{"count":8,"href":"https:\/\/ies9026-infd.mendoza.edu.ar\/sitio\/wp-json\/wp\/v2\/pages\/1624\/revisions"}],"predecessor-version":[{"id":1954,"href":"https:\/\/ies9026-infd.mendoza.edu.ar\/sitio\/wp-json\/wp\/v2\/pages\/1624\/revisions\/1954"}],"wp:attachment":[{"href":"https:\/\/ies9026-infd.mendoza.edu.ar\/sitio\/wp-json\/wp\/v2\/media?parent=1624"}],"curies":[{"name":"wp","href":"https:\/\/api.w.org\/{rel}","templated":true}]}}