{"id":1666,"date":"2020-12-16T12:05:09","date_gmt":"2020-12-16T15:05:09","guid":{"rendered":"https:\/\/ies9026-infd.mendoza.edu.ar\/sitio\/?page_id=1666"},"modified":"2021-09-06T21:29:36","modified_gmt":"2021-09-07T00:29:36","slug":"inscripciones-tecnicatura-en-economia-social-y-desarrollo-local","status":"publish","type":"page","link":"https:\/\/ies9026-infd.mendoza.edu.ar\/sitio\/inscripciones-tecnicatura-en-economia-social-y-desarrollo-local\/","title":{"rendered":"Inscripciones Tecnicatura En Econom\u00eda Social y desarrollo Local"},"content":{"rendered":"<h2>Seleccion\u00e1 la materia para inscribirte.<br \/>\nRecord\u00e1 que vas a llenar un formulario por cada materia a la que te inscribas.<\/h2>\n<h2>1\u00b0 A\u00f1o:<\/h2>\n<ul>\n<li><a href=\"https:\/\/forms.gle\/FmVV2uNHQPp1QapH8\">ESTADISTICAS<\/a><\/li>\n<\/ul>\n<h2>2\u00b0 A\u00f1o:<\/h2>\n<ul>\n<li><a href=\"https:\/\/forms.gle\/6MUssb6tmmPBHHkR9\">METODOLOG\u00cdA DE LA INVESTIGACI\u00d3N<\/a><\/li>\n<li><a href=\"https:\/\/forms.gle\/nS3UctT9pMDqmAJW8\">PROCESOS LATINOAMERICANOS<\/a><\/li>\n<li><a href=\"https:\/\/forms.gle\/L8CckpLeGhXoB6xGA\">TALLER DE PROG Y PROYEC<\/a><\/li>\n<\/ul>\n<h2>3\u00b0 A\u00f1o:<\/h2>\n<ul>\n<li><a href=\"https:\/\/forms.gle\/ESVZK5SVxrLhQhPi9\">ESTADO Y SOCIEDAD<\/a><\/li>\n<\/ul>\n","protected":false},"excerpt":{"rendered":"<p>Seleccion\u00e1 la materia para inscribirte. Record\u00e1 que vas a llenar un formulario por cada materia a la que te inscribas. 1\u00b0 A\u00f1o: ESTADISTICAS 2\u00b0 A\u00f1o: METODOLOG\u00cdA DE LA INVESTIGACI\u00d3N PROCESOS LATINOAMERICANOS TALLER DE PROG Y PROYEC 3\u00b0 A\u00f1o: ESTADO Y SOCIEDAD<\/p>\n","protected":false},"author":524,"featured_media":0,"parent":0,"menu_order":0,"comment_status":"closed","ping_status":"closed","template":"","meta":[],"acf":[],"_links":{"self":[{"href":"https:\/\/ies9026-infd.mendoza.edu.ar\/sitio\/wp-json\/wp\/v2\/pages\/1666"}],"collection":[{"href":"https:\/\/ies9026-infd.mendoza.edu.ar\/sitio\/wp-json\/wp\/v2\/pages"}],"about":[{"href":"https:\/\/ies9026-infd.mendoza.edu.ar\/sitio\/wp-json\/wp\/v2\/types\/page"}],"author":[{"embeddable":true,"href":"https:\/\/ies9026-infd.mendoza.edu.ar\/sitio\/wp-json\/wp\/v2\/users\/524"}],"replies":[{"embeddable":true,"href":"https:\/\/ies9026-infd.mendoza.edu.ar\/sitio\/wp-json\/wp\/v2\/comments?post=1666"}],"version-history":[{"count":8,"href":"https:\/\/ies9026-infd.mendoza.edu.ar\/sitio\/wp-json\/wp\/v2\/pages\/1666\/revisions"}],"predecessor-version":[{"id":1975,"href":"https:\/\/ies9026-infd.mendoza.edu.ar\/sitio\/wp-json\/wp\/v2\/pages\/1666\/revisions\/1975"}],"wp:attachment":[{"href":"https:\/\/ies9026-infd.mendoza.edu.ar\/sitio\/wp-json\/wp\/v2\/media?parent=1666"}],"curies":[{"name":"wp","href":"https:\/\/api.w.org\/{rel}","templated":true}]}}