{"id":1805,"date":"2021-04-17T13:54:26","date_gmt":"2021-04-17T16:54:26","guid":{"rendered":"https:\/\/ies9026-infd.mendoza.edu.ar\/sitio\/?page_id=1805"},"modified":"2022-03-16T11:15:59","modified_gmt":"2022-03-16T14:15:59","slug":"seccion-alumnos","status":"publish","type":"page","link":"https:\/\/ies9026-infd.mendoza.edu.ar\/sitio\/seccion-alumnos\/","title":{"rendered":"Departamento de Alumnos"},"content":{"rendered":"\n<div class=\"wp-block-columns is-layout-flex wp-container-3\">\n<div class=\"wp-block-column is-layout-flow\" style=\"flex-basis:33.33%\">\n<ul><li><strong>Coordinadora<\/strong>: Klinger Eliana<\/li><li><strong>Referente Plataforma<\/strong> y Conectar Igualdad: Olmedo Jes\u00fas<\/li><li><strong>Referente Art\u00edculo 7<\/strong>: Rivamar Daniela<\/li><li><strong>Referente Administrativo<\/strong>: Yamila Alenda Cacciaguera<\/li><li><strong>Referente Pol\u00edticas Estudiantiles<\/strong>: Costanzo David<\/li><\/ul>\n<\/div>\n\n\n\n<div class=\"wp-block-column is-layout-flow\" style=\"flex-basis:66.66%\">\n<div class=\"wp-block-image\"><figure class=\"aligncenter size-large is-resized\"><img decoding=\"async\" loading=\"lazy\" src=\"https:\/\/ies9026-infd.mendoza.edu.ar\/sitio\/wp-content\/uploads\/2022\/03\/Atencion-en-Seccion-Alumnos-2.png\" alt=\"\" class=\"wp-image-2401\" width=\"446\" height=\"446\" srcset=\"https:\/\/ies9026-infd.mendoza.edu.ar\/sitio\/wp-content\/uploads\/2022\/03\/Atencion-en-Seccion-Alumnos-2.png 1080w, https:\/\/ies9026-infd.mendoza.edu.ar\/sitio\/wp-content\/uploads\/2022\/03\/Atencion-en-Seccion-Alumnos-2-1000x1000.png 1000w, https:\/\/ies9026-infd.mendoza.edu.ar\/sitio\/wp-content\/uploads\/2022\/03\/Atencion-en-Seccion-Alumnos-2-500x500.png 500w, https:\/\/ies9026-infd.mendoza.edu.ar\/sitio\/wp-content\/uploads\/2022\/03\/Atencion-en-Seccion-Alumnos-2-768x768.png 768w\" sizes=\"(max-width: 446px) 100vw, 446px\" \/><\/figure><\/div>\n<\/div>\n<\/div>\n\n\n<h2 style=\"padding-left: 30px;\">&#x2663;<a href=\"https:\/\/ies9026-infd.mendoza.edu.ar\/sitio\/tramites-administrativos\/\">TRAMITES ADMINISTRATIVOS PARA ALUMNOS\/AS<\/a><\/h2>","protected":false},"excerpt":{"rendered":"<p>Coordinadora: Klinger Eliana Referente Plataforma y Conectar Igualdad: Olmedo Jes\u00fas Referente Art\u00edculo 7: Rivamar Daniela Referente Administrativo: Yamila Alenda Cacciaguera Referente Pol\u00edticas Estudiantiles: Costanzo David &#x2663;TRAMITES ADMINISTRATIVOS PARA ALUMNOS\/AS<\/p>\n","protected":false},"author":635,"featured_media":0,"parent":0,"menu_order":0,"comment_status":"closed","ping_status":"closed","template":"","meta":[],"acf":[],"_links":{"self":[{"href":"https:\/\/ies9026-infd.mendoza.edu.ar\/sitio\/wp-json\/wp\/v2\/pages\/1805"}],"collection":[{"href":"https:\/\/ies9026-infd.mendoza.edu.ar\/sitio\/wp-json\/wp\/v2\/pages"}],"about":[{"href":"https:\/\/ies9026-infd.mendoza.edu.ar\/sitio\/wp-json\/wp\/v2\/types\/page"}],"author":[{"embeddable":true,"href":"https:\/\/ies9026-infd.mendoza.edu.ar\/sitio\/wp-json\/wp\/v2\/users\/635"}],"replies":[{"embeddable":true,"href":"https:\/\/ies9026-infd.mendoza.edu.ar\/sitio\/wp-json\/wp\/v2\/comments?post=1805"}],"version-history":[{"count":9,"href":"https:\/\/ies9026-infd.mendoza.edu.ar\/sitio\/wp-json\/wp\/v2\/pages\/1805\/revisions"}],"predecessor-version":[{"id":2403,"href":"https:\/\/ies9026-infd.mendoza.edu.ar\/sitio\/wp-json\/wp\/v2\/pages\/1805\/revisions\/2403"}],"wp:attachment":[{"href":"https:\/\/ies9026-infd.mendoza.edu.ar\/sitio\/wp-json\/wp\/v2\/media?parent=1805"}],"curies":[{"name":"wp","href":"https:\/\/api.w.org\/{rel}","templated":true}]}}