{"id":2115,"date":"2021-11-29T15:20:24","date_gmt":"2021-11-29T18:20:24","guid":{"rendered":"https:\/\/ies9026-infd.mendoza.edu.ar\/sitio\/?page_id=2115"},"modified":"2021-11-29T15:34:06","modified_gmt":"2021-11-29T18:34:06","slug":"programas","status":"publish","type":"page","link":"https:\/\/ies9026-infd.mendoza.edu.ar\/sitio\/programas\/","title":{"rendered":"Programas"},"content":{"rendered":"\n<p><a href=\"https:\/\/drive.google.com\/drive\/folders\/1iqWacdJ5HMR6xYRWDxDC6TAaWr2m_AX6?usp=sharing\">PEI 1er A\u00f1o<\/a><\/p>\n\n\n\n<p><a href=\"https:\/\/drive.google.com\/drive\/folders\/1lg2fUKJhGDzC047BU3qUgJKQT6Deg7C4?usp=sharing\">PEI 2do A\u00f1o<\/a><\/p>\n\n\n\n<p><a href=\"https:\/\/drive.google.com\/drive\/folders\/1-jDk6iwm2OS2zNSKofikt88YIWJ-eaLf?usp=sharing\">PEI 3er A\u00f1o<\/a><\/p>\n\n\n\n<p><a href=\"https:\/\/drive.google.com\/drive\/folders\/11hBH-sQcWkXaX-Sw-9YQxZK0o1iHuARI?usp=sharing\">PEI 4to A\u00f1o<\/a><\/p>\n\n\n\n<p><a href=\"https:\/\/drive.google.com\/drive\/folders\/1ZWH8DPBmVSkwXMs3KIzKuvZFesQRW4M_?usp=sharing\">PEP 1\u00b0a\u00f1o<\/a><\/p>\n\n\n\n<p><a href=\"https:\/\/drive.google.com\/drive\/folders\/1_4Lxa-3mwLgVxRcugd0VCUVmjYnoIHo4?usp=sharing\">PEP 2\u00b0a\u00f1o<\/a><\/p>\n\n\n\n<p><a href=\"https:\/\/drive.google.com\/drive\/folders\/1bCTTHY77BBhxSDIls5Bd3P71PyhpizUF?usp=sharing\">PEP 3\u00b0a\u00f1o<\/a><\/p>\n\n\n\n<p><a href=\"https:\/\/drive.google.com\/drive\/folders\/1LRylkEyQ89u_hXikHjLUt_l_D51N4BGw?usp=sharing\">PEP 4\u00b0a\u00f1o<\/a><\/p>\n\n\n\n<p><a href=\"https:\/\/drive.google.com\/drive\/folders\/1JRnxetC1HNNwBN7we29oy-webhYsRwGE?usp=sharing\">ADMINISTRACION DE EMPRESAS<\/a><\/p>\n\n\n\n<p><a href=\"https:\/\/drive.google.com\/drive\/folders\/1b7Sl2OxiGJ_OVMJRtFlruCw32sU-U6KT?usp=sharing\">ENFERMERIA 1\u00b0 A\u00d1O<\/a><\/p>\n\n\n\n<p><a href=\"https:\/\/drive.google.com\/drive\/folders\/1YRUGSiEKEArpqbYFekc5BoIiZhRjByRM?usp=sharing\">ENFERMERIA 2\u00b0 A\u00d1O<\/a><\/p>\n\n\n\n<p><a href=\"https:\/\/drive.google.com\/drive\/folders\/1AzSYXvRlGYLGHD86aUoBKmlK2TrX_aQ1?usp=sharing\">ENFERMERIA 3\u00b0 A\u00d1O<\/a><\/p>\n\n\n\n<p><a href=\"https:\/\/drive.google.com\/drive\/folders\/1dIK_yHLnN2xf1rnOYXU2wOYeJE8wWfIj?usp=sharing\">PROGRAMAS PROFESORADO DE QUIMICA<\/a><\/p>\n\n\n\n<p><\/p>\n","protected":false},"excerpt":{"rendered":"<p>PEI 1er A\u00f1o PEI 2do A\u00f1o PEI 3er A\u00f1o PEI 4to A\u00f1o PEP 1\u00b0a\u00f1o PEP 2\u00b0a\u00f1o PEP 3\u00b0a\u00f1o PEP 4\u00b0a\u00f1o ADMINISTRACION DE EMPRESAS ENFERMERIA 1\u00b0 A\u00d1O ENFERMERIA 2\u00b0 A\u00d1O ENFERMERIA 3\u00b0 A\u00d1O PROGRAMAS PROFESORADO DE QUIMICA<\/p>\n","protected":false},"author":4271,"featured_media":0,"parent":0,"menu_order":0,"comment_status":"closed","ping_status":"closed","template":"","meta":[],"acf":[],"_links":{"self":[{"href":"https:\/\/ies9026-infd.mendoza.edu.ar\/sitio\/wp-json\/wp\/v2\/pages\/2115"}],"collection":[{"href":"https:\/\/ies9026-infd.mendoza.edu.ar\/sitio\/wp-json\/wp\/v2\/pages"}],"about":[{"href":"https:\/\/ies9026-infd.mendoza.edu.ar\/sitio\/wp-json\/wp\/v2\/types\/page"}],"author":[{"embeddable":true,"href":"https:\/\/ies9026-infd.mendoza.edu.ar\/sitio\/wp-json\/wp\/v2\/users\/4271"}],"replies":[{"embeddable":true,"href":"https:\/\/ies9026-infd.mendoza.edu.ar\/sitio\/wp-json\/wp\/v2\/comments?post=2115"}],"version-history":[{"count":2,"href":"https:\/\/ies9026-infd.mendoza.edu.ar\/sitio\/wp-json\/wp\/v2\/pages\/2115\/revisions"}],"predecessor-version":[{"id":2127,"href":"https:\/\/ies9026-infd.mendoza.edu.ar\/sitio\/wp-json\/wp\/v2\/pages\/2115\/revisions\/2127"}],"wp:attachment":[{"href":"https:\/\/ies9026-infd.mendoza.edu.ar\/sitio\/wp-json\/wp\/v2\/media?parent=2115"}],"curies":[{"name":"wp","href":"https:\/\/api.w.org\/{rel}","templated":true}]}}