{"id":2168,"date":"2022-02-09T13:13:38","date_gmt":"2022-02-09T16:13:38","guid":{"rendered":"https:\/\/ies9026-infd.mendoza.edu.ar\/sitio\/?page_id=2168"},"modified":"2022-12-01T19:59:39","modified_gmt":"2022-12-01T22:59:39","slug":"tramites","status":"publish","type":"page","link":"https:\/\/ies9026-infd.mendoza.edu.ar\/sitio\/tramites\/","title":{"rendered":"TR\u00c1MITES"},"content":{"rendered":"<h2 style=\"text-align: left;\">\u00a0 \u00a0 \u00a0 \u00a0 \u00a0 \u00a0 \u00a0 \u00a0 \u00a0 \u00a0 \u00a0 \u00a0 \u00a0 \u00a0 \u00a0 \u00a0 \u00a0 \u00a0 \u00a0 \u00a0 \u00a0 \u00a0 \u00a0 \u00a0 \u00a0 \u00a0 \u00a0CERTIFICACIONES<\/h2>\n<h2 style=\"text-align: left;\">Para solicitar cualquier certificaci\u00f3n es CONDICI\u00d3N tener el legajo completo.<br \/>El legajo para todas las certificaciones consta de:<\/h2>\n<h2 style=\"text-align: left;\">\u25cf Fotocopia del DNI.<\/h2>\n<h2 style=\"text-align: left;\">\u25cf Fotocopia de partida de nacimiento.<\/h2>\n<h2 style=\"text-align: left;\">\u25cf Fotocopia de t\u00edtulo de base con el cual se postul\u00f3 y acredit\u00f3 el trayecto formativo.<\/h2>\n<h2 style=\"text-align: left;\">\u25cf 2 fotos carnet.<\/h2>\n<h2 style=\"text-align: left;\">\u25cf Certificado de aptitud psicof\u00edsica para estudios superiores.<\/h2>\n<h2 style=\"text-align: left;\">\u25cf Cuil.<\/h2>\n<h2 style=\"text-align: left;\">Seg\u00fan la certificaci\u00f3n que corresponda son los pasos a seguir.<\/h2>\n<h2 style=\"text-align: left;\">\u25cf Constancia de t\u00edtulo en tr\u00e1mite: se deber\u00e1 solicitar y abonar de forma<br \/>presencial en la Instituci\u00f3n en Dpto Alumnos. Valor $200. Se entrega en<br \/>el momento. Lunes a jueves de 9 a 20.30 o los s\u00e1bados que se cursa<br \/>presencialmente.<\/h2>\n<h2 style=\"text-align: left;\">\u25cf Anal\u00edtico INCOMPLETO o COMPLETO PROVISORIO: se solicita cuando<br \/>se requiere una certificaci\u00f3n de lo realizado al momento que se emite el<br \/>documento:<\/h2>\n<h2 style=\"text-align: left;\">\u25a0 Solicitar el anal\u00edtico incompleto v\u00eda mail \u00a0 \u00a0 \u00a0 \u00a0 \u00a0 \u00a0 \u00a0 \u00a0 \u00a0 \u00a0<a href=\"postitulosies9026@gmail.com\">postitulosies9026@gmail.com<\/a><br \/>\u25a0 Una vez confirmada la recepci\u00f3n del mismo, asistir cuando se le<br \/>indique a retirar su Seguimiento Acad\u00e9mico en la oficina de Formaci\u00f3n Continua.\u00a0\u00a0<br \/>\u25a0 Solicitar a Ver\u00f3nica Palmieri, en Formaci\u00f3n Continua, su Seguimiento Acad\u00e9mico y completar el legajo si fuera el caso que faltase alguna documentaci\u00f3n.<\/h2>\n<h2 style=\"text-align: left;\">Horarios: lunes a viernes de 18.30 a 21 hs.<br \/>\u25a0 Dirigirse a Dpto Alumnos con el seguimiento acad\u00e9mico recibido,<br \/>completar formulario de solicitud y abonar el valor de $500 o<br \/>actualizaci\u00f3n del valor al momento de realizar el pedido.<\/h2>\n<h2 style=\"text-align: left;\">\u25a0 Se entrega en Dpto Alumnos a los 30 d\u00edas h\u00e1biles de haber<br \/>completado la solicitud, de acuerdo al Acta Institucional N\u00b0<br \/>9\/2021.<\/h2>\n<h2 style=\"text-align: left;\">\u25cf T\u00cdTULO DEFINITIVO: quienes hayan acreditado acad\u00e9micamente por<br \/>completo el trayecto y tengan su legajo completo se les emite de forma<br \/>directa, no deben realizar ning\u00fan pedido especial. Una vez completo el<br \/>circuito administrativo correspondiente se notificar\u00e1 al estudiante para<br \/>retirarlo. Valor $ 2.000 pesos o actualizaci\u00f3n del valor al momento de<br \/>retirarlo.<\/h2>\n<h2 style=\"text-align: left;\">\u25cf Se abona:<br \/>\u25a0 En Departamento Alumnos al retirarlo<br \/>\u25a0 Mediante MercadoPago: ALIAS: patriagrande.vp Llevar este<br \/>comprobante para retirarlo.<\/h2>\n<h2 style=\"text-align: left;\">Horarios de atenci\u00f3n Dpto Alumnos: lunes a jueves de 9.00 a 20.30 hs<\/h2>\n","protected":false},"excerpt":{"rendered":"<p>\u00a0 \u00a0 \u00a0 \u00a0 \u00a0 \u00a0 \u00a0 \u00a0 \u00a0 \u00a0 \u00a0 \u00a0 \u00a0 \u00a0 \u00a0 \u00a0 \u00a0 \u00a0 \u00a0 \u00a0 \u00a0 \u00a0 \u00a0 \u00a0 \u00a0 \u00a0 \u00a0CERTIFICACIONES Para solicitar cualquier certificaci\u00f3n es CONDICI\u00d3N tener el legajo completo.El legajo para todas las certificaciones consta de: \u25cf Fotocopia del DNI. \u25cf Fotocopia de partida de nacimiento. \u25cf &#8230; <a title=\"TR\u00c1MITES\" class=\"read-more\" href=\"https:\/\/ies9026-infd.mendoza.edu.ar\/sitio\/tramites\/\" aria-label=\"More on TR\u00c1MITES\">[+]<\/a><\/p>\n","protected":false},"author":4271,"featured_media":0,"parent":0,"menu_order":0,"comment_status":"closed","ping_status":"closed","template":"","meta":[],"acf":[],"_links":{"self":[{"href":"https:\/\/ies9026-infd.mendoza.edu.ar\/sitio\/wp-json\/wp\/v2\/pages\/2168"}],"collection":[{"href":"https:\/\/ies9026-infd.mendoza.edu.ar\/sitio\/wp-json\/wp\/v2\/pages"}],"about":[{"href":"https:\/\/ies9026-infd.mendoza.edu.ar\/sitio\/wp-json\/wp\/v2\/types\/page"}],"author":[{"embeddable":true,"href":"https:\/\/ies9026-infd.mendoza.edu.ar\/sitio\/wp-json\/wp\/v2\/users\/4271"}],"replies":[{"embeddable":true,"href":"https:\/\/ies9026-infd.mendoza.edu.ar\/sitio\/wp-json\/wp\/v2\/comments?post=2168"}],"version-history":[{"count":49,"href":"https:\/\/ies9026-infd.mendoza.edu.ar\/sitio\/wp-json\/wp\/v2\/pages\/2168\/revisions"}],"predecessor-version":[{"id":2954,"href":"https:\/\/ies9026-infd.mendoza.edu.ar\/sitio\/wp-json\/wp\/v2\/pages\/2168\/revisions\/2954"}],"wp:attachment":[{"href":"https:\/\/ies9026-infd.mendoza.edu.ar\/sitio\/wp-json\/wp\/v2\/media?parent=2168"}],"curies":[{"name":"wp","href":"https:\/\/api.w.org\/{rel}","templated":true}]}}