{"id":2180,"date":"2022-02-15T13:26:42","date_gmt":"2022-02-15T16:26:42","guid":{"rendered":"https:\/\/ies9026-infd.mendoza.edu.ar\/sitio\/?page_id=2180"},"modified":"2022-02-15T13:26:44","modified_gmt":"2022-02-15T16:26:44","slug":"enfermeria-industrial-en-alta-montana-mineria-y-petroleo","status":"publish","type":"page","link":"https:\/\/ies9026-infd.mendoza.edu.ar\/sitio\/enfermeria-industrial-en-alta-montana-mineria-y-petroleo\/","title":{"rendered":"Enfermer\u00eda Industrial en Alta Monta\u00f1a, Miner\u00eda y Petr\u00f3leo."},"content":{"rendered":"<h2 style=\"text-align: center;\">La instancia actual de la propuesta es de preinscripci\u00f3n.<br \/>Pueden hacerlo en el siguiente link:<br \/><a href=\"https:\/\/forms.gle\/pffaUj6R2UiH5F4o8\">Link para preincribirse y expresar voluntad de participaci\u00f3n<\/a><br \/>A quienes se inscriban en este formulario enviaremos las caracter\u00edsticas de la Especializaci\u00f3n<br \/>respecto de formatos, modalidad, costos y tiempos.<br \/>\u00a1Esperamos tu preinscripci\u00f3n!<\/h2>\n","protected":false},"excerpt":{"rendered":"<p>La instancia actual de la propuesta es de preinscripci\u00f3n.Pueden hacerlo en el siguiente link:Link para preincribirse y expresar voluntad de participaci\u00f3nA quienes se inscriban en este formulario enviaremos las caracter\u00edsticas de la Especializaci\u00f3nrespecto de formatos, modalidad, costos y tiempos.\u00a1Esperamos tu preinscripci\u00f3n!<\/p>\n","protected":false},"author":4271,"featured_media":0,"parent":0,"menu_order":0,"comment_status":"closed","ping_status":"closed","template":"","meta":[],"acf":[],"_links":{"self":[{"href":"https:\/\/ies9026-infd.mendoza.edu.ar\/sitio\/wp-json\/wp\/v2\/pages\/2180"}],"collection":[{"href":"https:\/\/ies9026-infd.mendoza.edu.ar\/sitio\/wp-json\/wp\/v2\/pages"}],"about":[{"href":"https:\/\/ies9026-infd.mendoza.edu.ar\/sitio\/wp-json\/wp\/v2\/types\/page"}],"author":[{"embeddable":true,"href":"https:\/\/ies9026-infd.mendoza.edu.ar\/sitio\/wp-json\/wp\/v2\/users\/4271"}],"replies":[{"embeddable":true,"href":"https:\/\/ies9026-infd.mendoza.edu.ar\/sitio\/wp-json\/wp\/v2\/comments?post=2180"}],"version-history":[{"count":2,"href":"https:\/\/ies9026-infd.mendoza.edu.ar\/sitio\/wp-json\/wp\/v2\/pages\/2180\/revisions"}],"predecessor-version":[{"id":2182,"href":"https:\/\/ies9026-infd.mendoza.edu.ar\/sitio\/wp-json\/wp\/v2\/pages\/2180\/revisions\/2182"}],"wp:attachment":[{"href":"https:\/\/ies9026-infd.mendoza.edu.ar\/sitio\/wp-json\/wp\/v2\/media?parent=2180"}],"curies":[{"name":"wp","href":"https:\/\/api.w.org\/{rel}","templated":true}]}}