{"id":2745,"date":"2022-05-23T19:21:45","date_gmt":"2022-05-23T22:21:45","guid":{"rendered":"https:\/\/ies9026-infd.mendoza.edu.ar\/sitio\/?page_id=2745"},"modified":"2024-10-29T18:44:47","modified_gmt":"2024-10-29T21:44:47","slug":"resolucion-005-cd-2024","status":"publish","type":"page","link":"https:\/\/ies9026-infd.mendoza.edu.ar\/sitio\/resolucion-005-cd-2024\/","title":{"rendered":"ELECCIONES 2024"},"content":{"rendered":"\n<p> <p>En referencia al decreto N\u00b0 530\/2018, Anexo II El Consejo Directivo del Instituto de Educaci\u00f3n Superior IES 9-026 \u201cDe la Patria Grande\u201d comunica que conforme con el cronograma fijado para las elecciones de medio t\u00e9rmino para la renovaci\u00f3n de miembros del Honorable Consejo Directivo, se encuentra disponible el siguiente formulario que corresponde a la inscripci\u00f3n de Egresadas y Egresados para constituir el padr\u00f3n electoral correspondiente:<\/p><a rel=\"noreferrer noopener\" style=\"font-size: 34px; font-weight: bold;\" href=\"https:\/\/docs.google.com\/forms\/d\/1MiW8wvviQms7rd6FPFzmng76vLI5hFxXjrl4PC25z5w\/\" target=\"_blank\">Inscripci\u00f3n egresados\/as al padr\u00f3n 2024<\/a> <\/p>\n\n\n\n<h1 class=\"wp-block-heading has-base-3-color has-text-color has-background has-large-font-size\" style=\"background:linear-gradient(135deg,rgb(255,245,203) 0%,rgb(182,227,212) 100%,rgb(51,167,181) 100%)\"><strong><a href=\"https:\/\/ies9026-infd.mendoza.edu.ar\/sitio\/padrones\/\" target=\"_blank\" rel=\"noreferrer noopener\">PADRONES 2024<\/a><\/strong><\/h1>\n\n\n\n<h5 class=\"wp-block-heading\">RESOLUCI\u00d3N 005\/CD\/2024<\/h5>\n\n\n\n<div class=\"wp-block-file\"><object class=\"wp-block-file__embed\" data=\"https:\/\/ies9026-infd.mendoza.edu.ar\/sitio\/wp-content\/uploads\/2024\/05\/Resol-005-24-Aprueba-cronograma-electoral.pdf\" type=\"application\/pdf\" style=\"width:100%;height:600px\" aria-label=\"Incrustado de Resol-005-24-Aprueba-cronograma-electoral.\"><\/object><a id=\"wp-block-file--media-38c1f52c-3546-4709-8a44-5efe2297833b\" href=\"https:\/\/ies9026-infd.mendoza.edu.ar\/sitio\/wp-content\/uploads\/2024\/05\/Resol-005-24-Aprueba-cronograma-electoral.pdf\">Resol-005-24-Aprueba-cronograma-electoral<\/a><a href=\"https:\/\/ies9026-infd.mendoza.edu.ar\/sitio\/wp-content\/uploads\/2024\/05\/Resol-005-24-Aprueba-cronograma-electoral.pdf\" class=\"wp-block-file__button wp-element-button\" download aria-describedby=\"wp-block-file--media-38c1f52c-3546-4709-8a44-5efe2297833b\">Descarga<\/a><\/div>\n\n\n\n<figure class=\"wp-block-gallery has-nested-images columns-default is-cropped wp-block-gallery-1 is-layout-flex\">\n<figure class=\"wp-block-image size-large\"><img decoding=\"async\" loading=\"lazy\" width=\"1080\" height=\"1080\" data-id=\"3687\"  src=\"https:\/\/ies9026-infd.mendoza.edu.ar\/sitio\/wp-content\/uploads\/2024\/05\/1-1.png\" alt=\"\" class=\"wp-image-3687\" srcset=\"https:\/\/ies9026-infd.mendoza.edu.ar\/sitio\/wp-content\/uploads\/2024\/05\/1-1.png 1080w, https:\/\/ies9026-infd.mendoza.edu.ar\/sitio\/wp-content\/uploads\/2024\/05\/1-1-1000x1000.png 1000w, https:\/\/ies9026-infd.mendoza.edu.ar\/sitio\/wp-content\/uploads\/2024\/05\/1-1-500x500.png 500w, https:\/\/ies9026-infd.mendoza.edu.ar\/sitio\/wp-content\/uploads\/2024\/05\/1-1-768x768.png 768w\" sizes=\"(max-width: 1080px) 100vw, 1080px\" \/><\/figure>\n\n\n\n<figure class=\"wp-block-image size-large\"><img decoding=\"async\" loading=\"lazy\" width=\"1080\" height=\"1080\" data-id=\"3686\"  src=\"https:\/\/ies9026-infd.mendoza.edu.ar\/sitio\/wp-content\/uploads\/2024\/05\/2-1.png\" alt=\"\" class=\"wp-image-3686\" srcset=\"https:\/\/ies9026-infd.mendoza.edu.ar\/sitio\/wp-content\/uploads\/2024\/05\/2-1.png 1080w, https:\/\/ies9026-infd.mendoza.edu.ar\/sitio\/wp-content\/uploads\/2024\/05\/2-1-1000x1000.png 1000w, https:\/\/ies9026-infd.mendoza.edu.ar\/sitio\/wp-content\/uploads\/2024\/05\/2-1-500x500.png 500w, https:\/\/ies9026-infd.mendoza.edu.ar\/sitio\/wp-content\/uploads\/2024\/05\/2-1-768x768.png 768w\" sizes=\"(max-width: 1080px) 100vw, 1080px\" \/><\/figure>\n\n\n\n<figure class=\"wp-block-image size-large\"><img decoding=\"async\" loading=\"lazy\" width=\"1080\" height=\"1080\" data-id=\"3689\"  src=\"https:\/\/ies9026-infd.mendoza.edu.ar\/sitio\/wp-content\/uploads\/2024\/05\/3-1.png\" alt=\"\" class=\"wp-image-3689\" srcset=\"https:\/\/ies9026-infd.mendoza.edu.ar\/sitio\/wp-content\/uploads\/2024\/05\/3-1.png 1080w, https:\/\/ies9026-infd.mendoza.edu.ar\/sitio\/wp-content\/uploads\/2024\/05\/3-1-1000x1000.png 1000w, https:\/\/ies9026-infd.mendoza.edu.ar\/sitio\/wp-content\/uploads\/2024\/05\/3-1-500x500.png 500w, https:\/\/ies9026-infd.mendoza.edu.ar\/sitio\/wp-content\/uploads\/2024\/05\/3-1-768x768.png 768w\" sizes=\"(max-width: 1080px) 100vw, 1080px\" \/><\/figure>\n\n\n\n<figure class=\"wp-block-image size-large\"><img decoding=\"async\" loading=\"lazy\" width=\"1080\" height=\"1080\" data-id=\"3684\"  src=\"https:\/\/ies9026-infd.mendoza.edu.ar\/sitio\/wp-content\/uploads\/2024\/05\/4-1.png\" alt=\"\" class=\"wp-image-3684\" srcset=\"https:\/\/ies9026-infd.mendoza.edu.ar\/sitio\/wp-content\/uploads\/2024\/05\/4-1.png 1080w, https:\/\/ies9026-infd.mendoza.edu.ar\/sitio\/wp-content\/uploads\/2024\/05\/4-1-1000x1000.png 1000w, https:\/\/ies9026-infd.mendoza.edu.ar\/sitio\/wp-content\/uploads\/2024\/05\/4-1-500x500.png 500w, https:\/\/ies9026-infd.mendoza.edu.ar\/sitio\/wp-content\/uploads\/2024\/05\/4-1-768x768.png 768w\" sizes=\"(max-width: 1080px) 100vw, 1080px\" \/><\/figure>\n\n\n\n<figure class=\"wp-block-image size-large\"><img decoding=\"async\" loading=\"lazy\" width=\"1080\" height=\"1080\" data-id=\"3688\"  src=\"https:\/\/ies9026-infd.mendoza.edu.ar\/sitio\/wp-content\/uploads\/2024\/05\/5-1.png\" alt=\"\" class=\"wp-image-3688\" srcset=\"https:\/\/ies9026-infd.mendoza.edu.ar\/sitio\/wp-content\/uploads\/2024\/05\/5-1.png 1080w, https:\/\/ies9026-infd.mendoza.edu.ar\/sitio\/wp-content\/uploads\/2024\/05\/5-1-1000x1000.png 1000w, https:\/\/ies9026-infd.mendoza.edu.ar\/sitio\/wp-content\/uploads\/2024\/05\/5-1-500x500.png 500w, https:\/\/ies9026-infd.mendoza.edu.ar\/sitio\/wp-content\/uploads\/2024\/05\/5-1-768x768.png 768w\" sizes=\"(max-width: 1080px) 100vw, 1080px\" \/><\/figure>\n\n\n\n<figure class=\"wp-block-image size-large\"><img decoding=\"async\" loading=\"lazy\" width=\"1080\" height=\"1080\" data-id=\"3685\"  src=\"https:\/\/ies9026-infd.mendoza.edu.ar\/sitio\/wp-content\/uploads\/2024\/05\/6-1.png\" alt=\"\" class=\"wp-image-3685\" srcset=\"https:\/\/ies9026-infd.mendoza.edu.ar\/sitio\/wp-content\/uploads\/2024\/05\/6-1.png 1080w, https:\/\/ies9026-infd.mendoza.edu.ar\/sitio\/wp-content\/uploads\/2024\/05\/6-1-1000x1000.png 1000w, https:\/\/ies9026-infd.mendoza.edu.ar\/sitio\/wp-content\/uploads\/2024\/05\/6-1-500x500.png 500w, https:\/\/ies9026-infd.mendoza.edu.ar\/sitio\/wp-content\/uploads\/2024\/05\/6-1-768x768.png 768w\" sizes=\"(max-width: 1080px) 100vw, 1080px\" \/><\/figure>\n<\/figure>\n\n\n\n<h2 class=\"wp-block-heading\">BOLET\u00cdN OFICIAL<\/h2>\n\n\n\n<div class=\"wp-block-file aligncenter\"><object class=\"wp-block-file__embed\" data=\"https:\/\/ies9026-infd.mendoza.edu.ar\/sitio\/wp-content\/uploads\/2024\/05\/Boletin-oficial.pdf\" type=\"application\/pdf\" style=\"width:100%;height:600px\" aria-label=\"Incrustado de Bolet\u00edn-oficial.\"><\/object><a id=\"wp-block-file--media-13d8e4f8-eac8-499b-89b8-9ac039db51fa\" href=\"https:\/\/ies9026-infd.mendoza.edu.ar\/sitio\/wp-content\/uploads\/2024\/05\/Boletin-oficial.pdf\">Bolet\u00edn-oficial<\/a><a href=\"https:\/\/ies9026-infd.mendoza.edu.ar\/sitio\/wp-content\/uploads\/2024\/05\/Boletin-oficial.pdf\" class=\"wp-block-file__button wp-element-button\" download aria-describedby=\"wp-block-file--media-13d8e4f8-eac8-499b-89b8-9ac039db51fa\">Descarga<\/a><\/div>\n\n\n\n<figure class=\"wp-block-pullquote\"><blockquote><p><strong>JUNTA ELECTORAL<br>IES 9-026 \u00abDE LA PATRIA GRANDE\u00bb<\/strong><br>La Junta Electoral a trav\u00e9s de este medio comunica a toda la Comunidad Educativa que el d\u00eda 10 de octubre se realizar\u00e1 una convocatoria abierta para elegir presidentes y vicepresidentes de mesa, con el fin de llevar a cabo el acto eleccionario de esta Instituci\u00f3n el d\u00eda 30 de octubre del corriente a\u00f1o. La misma se realizar\u00e1 en horario de 19 a 20 hs, en la biblioteca de la Instituci\u00f3n.<\/p><\/blockquote><\/figure>\n","protected":false},"excerpt":{"rendered":"<p>En referencia al decreto N\u00b0 530\/2018, Anexo II El Consejo Directivo del Instituto de Educaci\u00f3n Superior IES 9-026 \u201cDe la Patria Grande\u201d comunica que conforme con el cronograma fijado para las elecciones de medio t\u00e9rmino para la renovaci\u00f3n de miembros del Honorable Consejo Directivo, se encuentra disponible el siguiente formulario que corresponde a la inscripci\u00f3n &#8230; <a title=\"ELECCIONES 2024\" class=\"read-more\" href=\"https:\/\/ies9026-infd.mendoza.edu.ar\/sitio\/resolucion-005-cd-2024\/\" aria-label=\"More on ELECCIONES 2024\">[+]<\/a><\/p>\n","protected":false},"author":635,"featured_media":0,"parent":0,"menu_order":0,"comment_status":"closed","ping_status":"closed","template":"","meta":[],"acf":[],"_links":{"self":[{"href":"https:\/\/ies9026-infd.mendoza.edu.ar\/sitio\/wp-json\/wp\/v2\/pages\/2745"}],"collection":[{"href":"https:\/\/ies9026-infd.mendoza.edu.ar\/sitio\/wp-json\/wp\/v2\/pages"}],"about":[{"href":"https:\/\/ies9026-infd.mendoza.edu.ar\/sitio\/wp-json\/wp\/v2\/types\/page"}],"author":[{"embeddable":true,"href":"https:\/\/ies9026-infd.mendoza.edu.ar\/sitio\/wp-json\/wp\/v2\/users\/635"}],"replies":[{"embeddable":true,"href":"https:\/\/ies9026-infd.mendoza.edu.ar\/sitio\/wp-json\/wp\/v2\/comments?post=2745"}],"version-history":[{"count":13,"href":"https:\/\/ies9026-infd.mendoza.edu.ar\/sitio\/wp-json\/wp\/v2\/pages\/2745\/revisions"}],"predecessor-version":[{"id":3870,"href":"https:\/\/ies9026-infd.mendoza.edu.ar\/sitio\/wp-json\/wp\/v2\/pages\/2745\/revisions\/3870"}],"wp:attachment":[{"href":"https:\/\/ies9026-infd.mendoza.edu.ar\/sitio\/wp-json\/wp\/v2\/media?parent=2745"}],"curies":[{"name":"wp","href":"https:\/\/api.w.org\/{rel}","templated":true}]}}