{"id":3246,"date":"2023-08-07T18:03:30","date_gmt":"2023-08-07T21:03:30","guid":{"rendered":"https:\/\/ies9026-infd.mendoza.edu.ar\/sitio\/?page_id=3246"},"modified":"2024-09-02T09:42:07","modified_gmt":"2024-09-02T12:42:07","slug":"alfabetizacion-emocional","status":"publish","type":"page","link":"https:\/\/ies9026-infd.mendoza.edu.ar\/sitio\/alfabetizacion-emocional\/","title":{"rendered":"Alfabetizaci\u00f3n Emocional"},"content":{"rendered":"\n<ul>\n<li><strong>Mail de consulta del curso<\/strong>: cursosies9026@gmail.com<\/li>\n\n\n\n<li>La&nbsp;<strong>fecha de Inicio<\/strong>&nbsp;del cursado y<strong>&nbsp;Arancel<\/strong>&nbsp;se modifica a\u00f1o tras a\u00f1o.<\/li>\n\n\n\n<li>Tomar como referencia la fecha publicada en las redes sociales de la instituci\u00f3n.<\/li>\n<\/ul>\n\n\n<div class=\"wp-block-image\">\n<figure class=\"aligncenter size-large is-resized\"><img decoding=\"async\" loading=\"lazy\" src=\"https:\/\/ies9026-infd.mendoza.edu.ar\/sitio\/wp-content\/uploads\/2023\/08\/alf-emo-des-1343x1900.png\" alt=\"\" class=\"wp-image-3283\" width=\"698\" height=\"987\" srcset=\"https:\/\/ies9026-infd.mendoza.edu.ar\/sitio\/wp-content\/uploads\/2023\/08\/alf-emo-des-1343x1900.png 1343w, https:\/\/ies9026-infd.mendoza.edu.ar\/sitio\/wp-content\/uploads\/2023\/08\/alf-emo-des-707x1000.png 707w, https:\/\/ies9026-infd.mendoza.edu.ar\/sitio\/wp-content\/uploads\/2023\/08\/alf-emo-des-768x1086.png 768w, https:\/\/ies9026-infd.mendoza.edu.ar\/sitio\/wp-content\/uploads\/2023\/08\/alf-emo-des-1086x1536.png 1086w, https:\/\/ies9026-infd.mendoza.edu.ar\/sitio\/wp-content\/uploads\/2023\/08\/alf-emo-des.png 1414w\" sizes=\"(max-width: 698px) 100vw, 698px\" \/><\/figure><\/div>\n\n\n<ul>\n<li><strong>INICIO:<\/strong> 16 de septiembre 2023<\/li>\n\n\n\n<li><strong>D\u00edas de cursado: <\/strong>\n<ul>\n<li>16\/9 presencial<\/li>\n\n\n\n<li>23\/9 virtual<\/li>\n\n\n\n<li>30\/9 presencial<\/li>\n\n\n\n<li>7\/10 presencial<\/li>\n\n\n\n<li>14\/10 virtual<\/li>\n\n\n\n<li>28\/10 presencial<\/li>\n<\/ul>\n<\/li>\n\n\n\n<li><strong>Resoluci\u00f3n:<\/strong> 149\/2023<\/li>\n\n\n\n<li><strong>Arancel:<\/strong> 2 Cuotas de $2000<\/li>\n<\/ul>\n\n\n\n<h2 class=\"wp-block-heading\"><strong>Pasos a seguir:<\/strong><\/h2>\n\n\n\n<ol>\n<li>Llenar el formulario online<\/li>\n\n\n\n<li>Adjuntar el comprobante de pago de cualquiera de las formas elegidas.<\/li>\n<\/ol>\n\n\n\n<p>Cupo m\u00e1ximo las primeras 40 personas.<\/p>\n\n\n\n<p>Cupo m\u00ednimo 11 personas.<\/p>\n\n\n\n<h2 class=\"wp-block-heading\"><strong>LINK de <a rel=\"noreferrer noopener\" href=\"https:\/\/forms.gle\/MrhsWGD7t4EsXaNx6\" target=\"_blank\">INSCRIPCI\u00d3N<\/a><\/strong><\/h2>\n\n\n\n<div class=\"wp-block-file\"><object class=\"wp-block-file__embed\" data=\"https:\/\/ies9026-infd.mendoza.edu.ar\/sitio\/wp-content\/uploads\/2023\/08\/Res.-149-CGES-23-Alfabetizacion-emocional-9-026-1.pdf\" type=\"application\/pdf\" style=\"width:100%;height:600px\" aria-label=\"Incrustado de Res.-149-CGES-23-Alfabetizacion-emocional-9-026-1.\"><\/object><a id=\"wp-block-file--media-81ef1d0f-1017-4814-9240-168429673201\" href=\"https:\/\/ies9026-infd.mendoza.edu.ar\/sitio\/wp-content\/uploads\/2023\/08\/Res.-149-CGES-23-Alfabetizacion-emocional-9-026-1.pdf\">Res.-149-CGES-23-Alfabetizacion-emocional-9-026-1<\/a><a href=\"https:\/\/ies9026-infd.mendoza.edu.ar\/sitio\/wp-content\/uploads\/2023\/08\/Res.-149-CGES-23-Alfabetizacion-emocional-9-026-1.pdf\" class=\"wp-block-file__button wp-element-button\" download aria-describedby=\"wp-block-file--media-81ef1d0f-1017-4814-9240-168429673201\">Descarga<\/a><\/div>\n","protected":false},"excerpt":{"rendered":"<p>Pasos a seguir: Cupo m\u00e1ximo las primeras 40 personas. Cupo m\u00ednimo 11 personas. LINK de INSCRIPCI\u00d3N<\/p>\n","protected":false},"author":76,"featured_media":0,"parent":0,"menu_order":0,"comment_status":"closed","ping_status":"closed","template":"","meta":[],"acf":[],"_links":{"self":[{"href":"https:\/\/ies9026-infd.mendoza.edu.ar\/sitio\/wp-json\/wp\/v2\/pages\/3246"}],"collection":[{"href":"https:\/\/ies9026-infd.mendoza.edu.ar\/sitio\/wp-json\/wp\/v2\/pages"}],"about":[{"href":"https:\/\/ies9026-infd.mendoza.edu.ar\/sitio\/wp-json\/wp\/v2\/types\/page"}],"author":[{"embeddable":true,"href":"https:\/\/ies9026-infd.mendoza.edu.ar\/sitio\/wp-json\/wp\/v2\/users\/76"}],"replies":[{"embeddable":true,"href":"https:\/\/ies9026-infd.mendoza.edu.ar\/sitio\/wp-json\/wp\/v2\/comments?post=3246"}],"version-history":[{"count":12,"href":"https:\/\/ies9026-infd.mendoza.edu.ar\/sitio\/wp-json\/wp\/v2\/pages\/3246\/revisions"}],"predecessor-version":[{"id":3778,"href":"https:\/\/ies9026-infd.mendoza.edu.ar\/sitio\/wp-json\/wp\/v2\/pages\/3246\/revisions\/3778"}],"wp:attachment":[{"href":"https:\/\/ies9026-infd.mendoza.edu.ar\/sitio\/wp-json\/wp\/v2\/media?parent=3246"}],"curies":[{"name":"wp","href":"https:\/\/api.w.org\/{rel}","templated":true}]}}