{"id":3488,"date":"2023-11-02T11:16:11","date_gmt":"2023-11-02T14:16:11","guid":{"rendered":"https:\/\/ies9026-infd.mendoza.edu.ar\/sitio\/?page_id=3488"},"modified":"2025-03-20T10:39:32","modified_gmt":"2025-03-20T13:39:32","slug":"especializacion-docente-de-nivelsuperior-en-proyectos-educativos-de-intervencion-comunitaria-en-los-sistemas-educativos-formales-yno-formalizados","status":"publish","type":"page","link":"https:\/\/ies9026-infd.mendoza.edu.ar\/sitio\/especializacion-docente-de-nivelsuperior-en-proyectos-educativos-de-intervencion-comunitaria-en-los-sistemas-educativos-formales-yno-formalizados\/","title":{"rendered":"Especializaci\u00f3n Docente de Nivel<br>Superior en Proyectos Educativos de intervenci\u00f3n comunitaria en los sistemas educativos formales y<br>no formalizados"},"content":{"rendered":"<h1><img decoding=\"async\" loading=\"lazy\" class=\"size-medium wp-image-3490 aligncenter\" src=\"https:\/\/ies9026-infd.mendoza.edu.ar\/sitio\/wp-content\/uploads\/2023\/11\/3-min-1000x316.png\" alt=\"\" width=\"1000\" height=\"316\" srcset=\"https:\/\/ies9026-infd.mendoza.edu.ar\/sitio\/wp-content\/uploads\/2023\/11\/3-min-1000x316.png 1000w, https:\/\/ies9026-infd.mendoza.edu.ar\/sitio\/wp-content\/uploads\/2023\/11\/3-min-1900x600.png 1900w, https:\/\/ies9026-infd.mendoza.edu.ar\/sitio\/wp-content\/uploads\/2023\/11\/3-min-768x243.png 768w, https:\/\/ies9026-infd.mendoza.edu.ar\/sitio\/wp-content\/uploads\/2023\/11\/3-min-1536x485.png 1536w, https:\/\/ies9026-infd.mendoza.edu.ar\/sitio\/wp-content\/uploads\/2023\/11\/3-min-2048x647.png 2048w\" sizes=\"(max-width: 1000px) 100vw, 1000px\" \/><\/h1>\n<h1 style=\"text-align: center;\">\u201cEspecializaci\u00f3n Docente de Nivel<br \/>Superior en Proyectos Educativos de intervenci\u00f3n comunitaria en los sistemas educativos formales y<br \/>no formalizados\u201d<\/h1>\n<h1><span style=\"color: #333399;\"><strong>T\u00edtulo que otorga:<\/strong> <\/span><\/h1>\n<h3>\u201cEspecializaci\u00f3n Docente de Nivel Superior en Proyectos Educativos de intervenci\u00f3n comunitaria en los sistemas educativos formales y no formalizados \u201d<br \/>Especializaci\u00f3n aprobada por DGE, resoluci\u00f3n Res. 7002-2023<\/h3>\n<ul>\n<li><strong>Cupo M\u00e1ximo de Inscriptos:<\/strong> 80<\/li>\n<li><strong>Cupo M\u00ednimo:<\/strong> 35<\/li>\n<\/ul>\n<h1>INICIO: MAYO 2025<\/h1>\n<h2><span style=\"color: #333399;\"><strong>Duraci\u00f3n:<\/strong><\/span> <strong>2 a\u00f1os<\/strong><\/h2>\n<p><span style=\"color: #333399;\"><strong>Requisitos<\/strong><\/span><\/p>\n<ul>\n<li>Supervisores.<\/li>\n<li>Directivos.<\/li>\n<li>Docentes de todos los niveles, \u00e1reas y modalidades.<\/li>\n<li>Personal de los Servicios de Orientaci\u00f3n de las Instituciones Educativas.<\/li>\n<\/ul>\n<h3><span style=\"color: #333399;\"><strong>Modalidad:<\/strong> bimodal<\/span><\/h3>\n<ul>\n<li>\n<h4>Presencial: s\u00e1bados de 8.30 a 13 hrs.<\/h4>\n<\/li>\n<li>\n<h4>Virtual asincr\u00f3nico: viernes de 18.00 a 21.30 hrs.<\/h4>\n<\/li>\n<\/ul>\n<h3><span style=\"color: #333399;\"><strong>La formaci\u00f3n tiene como objetivos:<\/strong><strong>\u00a0<\/strong><\/span><\/h3>\n<p><strong>Generales<\/strong><\/p>\n<ul>\n<li>Brindar a los estudiantes una formaci\u00f3n orientada a optimizar el desempe\u00f1o profesional, el ejercicio de nuevos roles y funciones, profundizando y actualizando los conocimientos en los niveles, modalidades y orientaciones del Sistema Educativo, previsto en la LEN.<\/li>\n<li>Promover M\u00f3dulos formativos posteriores a la formaci\u00f3n inicial, en car\u00e1cter de especializaci\u00f3n Docente de Nivel Superior en Educaci\u00f3n de Gesti\u00f3n Social en los sistemas educativos formales y no formalizados.<\/li>\n<li>Ofrecer espacios de an\u00e1lisis y estudio sobre la ense\u00f1anza que propicien la reflexi\u00f3n del profesional sobre su pr\u00e1ctica que le permitan enriquecerla y modificarla a partir de la propuesta de esta especializaci\u00f3n.<\/li>\n<\/ul>\n<p><strong>Espec\u00edficos<\/strong><\/p>\n<ul>\n<li>Contribuir al desarrollo de una actitud de compromiso y un esp\u00edritu que anime a los estudiantes a transformarse en agentes de cambio para una sociedad m\u00e1s justa y solidaria.<\/li>\n<li>Promover conocimientos y capacidades que le permitan a los estudiantes desarrollarse en el \u00e1mbito de la educaci\u00f3n de gesti\u00f3n social.<\/li>\n<li>Brindar estrategias de abordaje para la inclusi\u00f3n en los distintos niveles educativos.<\/li>\n<li>Desarrollar un proyecto de transformaci\u00f3n y mejora de la realidad observada en el M\u00f3dulo curricular.<\/li>\n<\/ul>\n<h2><span style=\"color: #333399;\"><strong>ARANCEL:<\/strong><\/span><\/h2>\n<ul>\n<li>$ 15.000 matriculaci\u00f3n anual 2025. Matriculaci\u00f3n 2026 sujeto a ajustes que se informar\u00e1n oportunamente.<\/li>\n<li>Cuota mensual $18.000 mayo-junio-julio con ajustes trimestrales.<\/li>\n<\/ul>\n<h3><strong>Horas de formaci\u00f3n:<\/strong> 400 hrs<\/h3>\n<h1><strong><span style=\"color: #333399;\">PRE-INSCRIPCI\u00d3N:<\/span>\u00a0<\/strong>pasos a seguir:<\/h1>\n<ol>\n<li>ENVIAR DOCUMENTACI\u00d3N VIRTUAL.<\/li>\n<li>RECIBIR MAIL DE CONFIRMACI\u00d3N DE DOCUMENTACI\u00d3N Y PRE-INSCRIPCI\u00d3N VIRTUAL AL POST\u00cdTULO en IES 9-026.<\/li>\n<li>PAGAR Y REGISTRAR EL COMPROBANTE<\/li>\n<li>RECIBIR UN MAIL DE CONFIRMACI\u00d3N DE PAGO.<\/li>\n<li>PRESENTAR LA DOCUMENTACI\u00d3N F\u00cdSICA EN EL IES.<\/li>\n<\/ol>\n<p>\u00bb Se har\u00e1 reserva de lugar a quienes completen todos los pasos mencionados anteriormente en tiempo y forma\u00bb<\/p>\n<p><a href=\"https:\/\/docs.google.com\/forms\/d\/e\/1FAIpQLSdOlnXhWrS8-t1zevSAdF9VMJUzHTcThGRouK89NyKB5A0G0Q\/viewform?usp=sf_link\" target=\"_blank\" rel=\"noopener\"><img decoding=\"async\" loading=\"lazy\" class=\"wp-image-3549 aligncenter\" src=\"https:\/\/ies9026-infd.mendoza.edu.ar\/sitio\/wp-content\/uploads\/2023\/11\/LINK-1000x250.png\" alt=\"\" width=\"524\" height=\"131\" srcset=\"https:\/\/ies9026-infd.mendoza.edu.ar\/sitio\/wp-content\/uploads\/2023\/11\/LINK-1000x250.png 1000w, https:\/\/ies9026-infd.mendoza.edu.ar\/sitio\/wp-content\/uploads\/2023\/11\/LINK-768x192.png 768w, https:\/\/ies9026-infd.mendoza.edu.ar\/sitio\/wp-content\/uploads\/2023\/11\/LINK-1536x384.png 1536w, https:\/\/ies9026-infd.mendoza.edu.ar\/sitio\/wp-content\/uploads\/2023\/11\/LINK.png 1584w\" sizes=\"(max-width: 524px) 100vw, 524px\" \/><\/a><\/p>\n<h1>Dise\u00f1o Curricular<\/h1>\n<p><strong>PRIMER A\u00d1O<\/strong><\/p>\n<ul>\n<li>Sujetos de aprendizaje en diversos niveles educativos y su contexto.<\/li>\n<li>Sistemas e instituciones educativas.<\/li>\n<li>Proyecto Educativo Comunitario de Intervenci\u00f3n I<\/li>\n<\/ul>\n<p><strong>SEGUNDO A\u00d1O<\/strong><\/p>\n<ul>\n<li>Intervenci\u00f3n Educativo Comunitaria desde la EGS (Educaci\u00f3n de Gesti\u00f3n Social)<\/li>\n<li>Proyecto Educativo Comunitario de Intervenci\u00f3n II<\/li>\n<\/ul>\n<h1><a href=\"https:\/\/ies9026-infd.mendoza.edu.ar\/sitio\/wp-content\/uploads\/2023\/11\/RESOL-2023-7002-GDEMZA-DGE_-_Esp_en_Proyectos_Educativos_de_intervencio769n_comunitaria_en_los_sistemas_educativo.pdf\">RESOL-2023-7002-GDEMZA-DGE<\/a><\/h1>\n","protected":false},"excerpt":{"rendered":"<p>\u201cEspecializaci\u00f3n Docente de NivelSuperior en Proyectos Educativos de intervenci\u00f3n comunitaria en los sistemas educativos formales yno formalizados\u201d T\u00edtulo que otorga: \u201cEspecializaci\u00f3n Docente de Nivel Superior en Proyectos Educativos de intervenci\u00f3n comunitaria en los sistemas educativos formales y no formalizados \u201dEspecializaci\u00f3n aprobada por DGE, resoluci\u00f3n Res. 7002-2023 Cupo M\u00e1ximo de Inscriptos: 80 Cupo M\u00ednimo: 35 INICIO: &#8230; <a title=\"Especializaci\u00f3n Docente de NivelSuperior en Proyectos Educativos de intervenci\u00f3n comunitaria en los sistemas educativos formales yno formalizados\" class=\"read-more\" href=\"https:\/\/ies9026-infd.mendoza.edu.ar\/sitio\/especializacion-docente-de-nivelsuperior-en-proyectos-educativos-de-intervencion-comunitaria-en-los-sistemas-educativos-formales-yno-formalizados\/\" aria-label=\"More on Especializaci\u00f3n Docente de NivelSuperior en Proyectos Educativos de intervenci\u00f3n comunitaria en los sistemas educativos formales yno formalizados\">[+]<\/a><\/p>\n","protected":false},"author":76,"featured_media":0,"parent":0,"menu_order":0,"comment_status":"closed","ping_status":"closed","template":"","meta":[],"acf":[],"_links":{"self":[{"href":"https:\/\/ies9026-infd.mendoza.edu.ar\/sitio\/wp-json\/wp\/v2\/pages\/3488"}],"collection":[{"href":"https:\/\/ies9026-infd.mendoza.edu.ar\/sitio\/wp-json\/wp\/v2\/pages"}],"about":[{"href":"https:\/\/ies9026-infd.mendoza.edu.ar\/sitio\/wp-json\/wp\/v2\/types\/page"}],"author":[{"embeddable":true,"href":"https:\/\/ies9026-infd.mendoza.edu.ar\/sitio\/wp-json\/wp\/v2\/users\/76"}],"replies":[{"embeddable":true,"href":"https:\/\/ies9026-infd.mendoza.edu.ar\/sitio\/wp-json\/wp\/v2\/comments?post=3488"}],"version-history":[{"count":52,"href":"https:\/\/ies9026-infd.mendoza.edu.ar\/sitio\/wp-json\/wp\/v2\/pages\/3488\/revisions"}],"predecessor-version":[{"id":3920,"href":"https:\/\/ies9026-infd.mendoza.edu.ar\/sitio\/wp-json\/wp\/v2\/pages\/3488\/revisions\/3920"}],"wp:attachment":[{"href":"https:\/\/ies9026-infd.mendoza.edu.ar\/sitio\/wp-json\/wp\/v2\/media?parent=3488"}],"curies":[{"name":"wp","href":"https:\/\/api.w.org\/{rel}","templated":true}]}}