{"id":3568,"date":"2023-12-07T19:16:06","date_gmt":"2023-12-07T22:16:06","guid":{"rendered":"https:\/\/ies9026-infd.mendoza.edu.ar\/sitio\/?page_id=3568"},"modified":"2023-12-07T19:22:36","modified_gmt":"2023-12-07T22:22:36","slug":"inscripcion-docente-para-cubrir-suplencias-2024","status":"publish","type":"page","link":"https:\/\/ies9026-infd.mendoza.edu.ar\/sitio\/inscripcion-docente-para-cubrir-suplencias-2024\/","title":{"rendered":"Registro de Aspirantes para horas c\u00e1tedra 2024"},"content":{"rendered":"<h1 class=\"wp-block-heading\" style=\"text-align: left;\">Llamado a conformar el Registro de Aspirantes para horas c\u00e1tedra 2024<\/h1>\n<h3 class=\"wp-block-heading\"><strong><em>Del 07\/12\/2023 al 16\/02\/2024 (Horario de cierre 22:00 hs)<\/em><\/strong><\/h3>\n<p><strong>El Instituto de Educaci\u00f3n Superior N\u00ba 9-026 \u201cde la Patria Grande\u201d, <\/strong>llama a Profesionales con t\u00edtulo de graduaci\u00f3n de 4 A\u00f1os o m\u00e1s,\u00a0 para conformar el\u00a0<strong>Registro de Aspirantes<\/strong>\u00a0a suplencias a t\u00e9rmino de horas c\u00e1tedras de los espacios curriculares\u00a0<strong>Ciclo Lectivo 202<\/strong>4, conforme Decreto 530\/18 DGE. Seg\u00fan el siguiente detalle:<\/p>\n<p>El\/la Profesional debe completar el siguiente formulario <a href=\"https:\/\/forms.gle\/d3UiTaAfwdAkg2sx6\">DESCARGAR<\/a><\/p>\n<p>&nbsp;<\/p>\n<p>&nbsp;<\/p>\n<p>Por cualquier duda o inconveniente en la carga del formulario comunicare con Jes\u00fas Olmedo mediante correo jolmedo@mendoza.edu.ar<\/p>\n","protected":false},"excerpt":{"rendered":"<p>Llamado a conformar el Registro de Aspirantes para horas c\u00e1tedra 2024 Del 07\/12\/2023 al 16\/02\/2024 (Horario de cierre 22:00 hs) El Instituto de Educaci\u00f3n Superior N\u00ba 9-026 \u201cde la Patria Grande\u201d, llama a Profesionales con t\u00edtulo de graduaci\u00f3n de 4 A\u00f1os o m\u00e1s,\u00a0 para conformar el\u00a0Registro de Aspirantes\u00a0a suplencias a t\u00e9rmino de horas c\u00e1tedras de &#8230; <a title=\"Registro de Aspirantes para horas c\u00e1tedra 2024\" class=\"read-more\" href=\"https:\/\/ies9026-infd.mendoza.edu.ar\/sitio\/inscripcion-docente-para-cubrir-suplencias-2024\/\" aria-label=\"More on Registro de Aspirantes para horas c\u00e1tedra 2024\">[+]<\/a><\/p>\n","protected":false},"author":4271,"featured_media":0,"parent":0,"menu_order":0,"comment_status":"closed","ping_status":"closed","template":"","meta":[],"acf":[],"_links":{"self":[{"href":"https:\/\/ies9026-infd.mendoza.edu.ar\/sitio\/wp-json\/wp\/v2\/pages\/3568"}],"collection":[{"href":"https:\/\/ies9026-infd.mendoza.edu.ar\/sitio\/wp-json\/wp\/v2\/pages"}],"about":[{"href":"https:\/\/ies9026-infd.mendoza.edu.ar\/sitio\/wp-json\/wp\/v2\/types\/page"}],"author":[{"embeddable":true,"href":"https:\/\/ies9026-infd.mendoza.edu.ar\/sitio\/wp-json\/wp\/v2\/users\/4271"}],"replies":[{"embeddable":true,"href":"https:\/\/ies9026-infd.mendoza.edu.ar\/sitio\/wp-json\/wp\/v2\/comments?post=3568"}],"version-history":[{"count":8,"href":"https:\/\/ies9026-infd.mendoza.edu.ar\/sitio\/wp-json\/wp\/v2\/pages\/3568\/revisions"}],"predecessor-version":[{"id":3577,"href":"https:\/\/ies9026-infd.mendoza.edu.ar\/sitio\/wp-json\/wp\/v2\/pages\/3568\/revisions\/3577"}],"wp:attachment":[{"href":"https:\/\/ies9026-infd.mendoza.edu.ar\/sitio\/wp-json\/wp\/v2\/media?parent=3568"}],"curies":[{"name":"wp","href":"https:\/\/api.w.org\/{rel}","templated":true}]}}