{"id":3579,"date":"2023-12-13T18:43:57","date_gmt":"2023-12-13T21:43:57","guid":{"rendered":"https:\/\/ies9026-infd.mendoza.edu.ar\/sitio\/?page_id=3579"},"modified":"2023-12-13T18:44:06","modified_gmt":"2023-12-13T21:44:06","slug":"inscripcion-no-docente","status":"publish","type":"page","link":"https:\/\/ies9026-infd.mendoza.edu.ar\/sitio\/inscripcion-no-docente\/","title":{"rendered":"INSCRIPCI\u00d3N NO DOCENTE"},"content":{"rendered":"<h1 class=\"wp-block-heading\">Llamado a conformar el Registro de Aspirantes para cargos Administrativos 2024<\/h1>\n<h3 class=\"wp-block-heading\"><strong><em>Del 07\/12\/2023 al 16\/02\/2024 (Horario de cierre 22:00 hs)<\/em><\/strong><\/h3>\n<p><strong>El Instituto de Educaci\u00f3n Superior N\u00ba 9-026 \u201cde la Patria Grande\u201d,\u00a0<\/strong>llama a Profesionales con t\u00edtulo de graduaci\u00f3n de 4 A\u00f1os o m\u00e1s,\u00a0 para conformar el\u00a0<strong>Registro de Aspirantes<\/strong> a cargos administrativos, conforme Decreto 530\/18 DGE. Seg\u00fan el siguiente detalle:<\/p>\n<p>El\/la Profesional debe completar el siguiente formulario\u00a0<a href=\"https:\/\/forms.gle\/VScFvv8pJ5rNMjM8A\">DESCARGAR<\/a><\/p>\n<p>&nbsp;<\/p>\n<p>&nbsp;<\/p>\n<p>Por cualquier duda o inconveniente en la carga del formulario comunicare con Jes\u00fas Olmedo mediante correo jolmedo@mendoza.edu.ar<\/p>\n","protected":false},"excerpt":{"rendered":"<p>Llamado a conformar el Registro de Aspirantes para cargos Administrativos 2024 Del 07\/12\/2023 al 16\/02\/2024 (Horario de cierre 22:00 hs) El Instituto de Educaci\u00f3n Superior N\u00ba 9-026 \u201cde la Patria Grande\u201d,\u00a0llama a Profesionales con t\u00edtulo de graduaci\u00f3n de 4 A\u00f1os o m\u00e1s,\u00a0 para conformar el\u00a0Registro de Aspirantes a cargos administrativos, conforme Decreto 530\/18 DGE. Seg\u00fan &#8230; <a title=\"INSCRIPCI\u00d3N NO DOCENTE\" class=\"read-more\" href=\"https:\/\/ies9026-infd.mendoza.edu.ar\/sitio\/inscripcion-no-docente\/\" aria-label=\"More on INSCRIPCI\u00d3N NO DOCENTE\">[+]<\/a><\/p>\n","protected":false},"author":4271,"featured_media":0,"parent":0,"menu_order":0,"comment_status":"closed","ping_status":"closed","template":"","meta":[],"acf":[],"_links":{"self":[{"href":"https:\/\/ies9026-infd.mendoza.edu.ar\/sitio\/wp-json\/wp\/v2\/pages\/3579"}],"collection":[{"href":"https:\/\/ies9026-infd.mendoza.edu.ar\/sitio\/wp-json\/wp\/v2\/pages"}],"about":[{"href":"https:\/\/ies9026-infd.mendoza.edu.ar\/sitio\/wp-json\/wp\/v2\/types\/page"}],"author":[{"embeddable":true,"href":"https:\/\/ies9026-infd.mendoza.edu.ar\/sitio\/wp-json\/wp\/v2\/users\/4271"}],"replies":[{"embeddable":true,"href":"https:\/\/ies9026-infd.mendoza.edu.ar\/sitio\/wp-json\/wp\/v2\/comments?post=3579"}],"version-history":[{"count":4,"href":"https:\/\/ies9026-infd.mendoza.edu.ar\/sitio\/wp-json\/wp\/v2\/pages\/3579\/revisions"}],"predecessor-version":[{"id":3583,"href":"https:\/\/ies9026-infd.mendoza.edu.ar\/sitio\/wp-json\/wp\/v2\/pages\/3579\/revisions\/3583"}],"wp:attachment":[{"href":"https:\/\/ies9026-infd.mendoza.edu.ar\/sitio\/wp-json\/wp\/v2\/media?parent=3579"}],"curies":[{"name":"wp","href":"https:\/\/api.w.org\/{rel}","templated":true}]}}